{"id":71,"date":"2025-08-12T15:05:59","date_gmt":"2025-08-12T18:05:59","guid":{"rendered":"http:\/\/contabilidadeatual.goiania.br\/index.php\/quem-somos\/"},"modified":"2025-08-21T08:23:10","modified_gmt":"2025-08-21T11:23:10","slug":"quem-somos","status":"publish","type":"page","link":"https:\/\/contabilidadeatual.goiania.br\/index.php\/quem-somos\/","title":{"rendered":"Quem Somos"},"content":{"rendered":"\t\t<div data-elementor-type=\"wp-page\" data-elementor-id=\"71\" class=\"elementor elementor-71\">\n\t\t\t\t<div class=\"elementor-element elementor-element-ee96b46 e-flex e-con-boxed wpr-particle-no wpr-jarallax-no wpr-parallax-no wpr-sticky-section-no wpr-equal-height-no e-con e-parent\" data-id=\"ee96b46\" data-element_type=\"container\" data-e-type=\"container\" data-settings=\"{&quot;background_background&quot;:&quot;gradient&quot;}\">\n\t\t\t\t\t<div class=\"e-con-inner\">\n\t\t<div class=\"elementor-element elementor-element-5c15587 e-con-full e-flex wpr-particle-no wpr-jarallax-no wpr-parallax-no wpr-sticky-section-no wpr-equal-height-no e-con e-child\" data-id=\"5c15587\" data-element_type=\"container\" data-e-type=\"container\">\n\t\t\t\t<div class=\"elementor-element elementor-element-f0c3748 elementor-widget elementor-widget-heading\" data-id=\"f0c3748\" data-element_type=\"widget\" data-e-type=\"widget\" data-widget_type=\"heading.default\">\n\t\t\t\t\t<h2 class=\"elementor-heading-title elementor-size-default\"><a href=\"https:\/\/contabilidadeatual.goiania.br\/index.php\/quem-somos\/\">Sobre a <span><span style=\"color: #140083\">Contabilidade Atual<\/span><\/span>\n<\/a><\/h2>\t\t\t\t<\/div>\n\t\t\t\t<div class=\"elementor-element elementor-element-049a875 elementor-widget elementor-widget-text-editor\" data-id=\"049a875\" data-element_type=\"widget\" data-e-type=\"widget\" data-widget_type=\"text-editor.default\">\n\t\t\t\t\t\t\t\t\t<p><span style=\"color: rgba(20, 0, 131, 0);\"><span style=\"color: #140083;\"><span style=\"color: #000000;\">A <\/span>Contabilidade Atual <span style=\"color: #000000;\">\u00e9 uma empresa de contabilidade<br \/>que tem por primor a perfei\u00e7\u00e3o, em concretizar servi\u00e7os<br \/>nas \u00e1reas cont\u00e1beis, fiscal, departamento de pessoal,<br \/>abertura e baixa de empresa, planejamento tribut\u00e1rio,<br \/>contabilidade rural, condom\u00ednios e para igrejas.<\/span><\/span><\/span><\/p><p><span style=\"color: rgba(20, 0, 131, 0);\"><span style=\"color: #140083;\"><span style=\"color: #000000;\"><br \/>Tendo em vista a pr\u00e1tica das legisla\u00e7\u00f5es, prazos acordados<br \/>e qualidade dos servi\u00e7os prestados.<\/span><br \/><\/span><\/span><\/p>\t\t\t\t\t\t\t\t<\/div>\n\t\t\t\t<\/div>\n\t\t<div class=\"elementor-element elementor-element-5bae5b5 e-con-full e-flex wpr-particle-no wpr-jarallax-no wpr-parallax-no wpr-sticky-section-no wpr-equal-height-no e-con e-child\" data-id=\"5bae5b5\" data-element_type=\"container\" data-e-type=\"container\">\n\t\t\t\t<div class=\"elementor-element elementor-element-fffa774 elementor-widget elementor-widget-image\" data-id=\"fffa774\" data-element_type=\"widget\" data-e-type=\"widget\" data-widget_type=\"image.default\">\n\t\t\t\t\t\t\t\t\t\t\t\t\t\t\t<img fetchpriority=\"high\" decoding=\"async\" width=\"512\" height=\"512\" src=\"https:\/\/contabilidadeatual.goiania.br\/wp-content\/uploads\/2025\/08\/ICONE-DO-SITE.png\" class=\"attachment-full size-full wp-image-52\" alt=\"\" srcset=\"https:\/\/contabilidadeatual.goiania.br\/wp-content\/uploads\/2025\/08\/ICONE-DO-SITE.png 512w, https:\/\/contabilidadeatual.goiania.br\/wp-content\/uploads\/2025\/08\/ICONE-DO-SITE-300x300.png 300w, https:\/\/contabilidadeatual.goiania.br\/wp-content\/uploads\/2025\/08\/ICONE-DO-SITE-150x150.png 150w\" sizes=\"(max-width: 512px) 100vw, 512px\" \/>\t\t\t\t\t\t\t\t\t\t\t\t\t\t\t<\/div>\n\t\t\t\t<\/div>\n\t\t\t\t\t<\/div>\n\t\t\t\t<\/div>\n\t\t<div class=\"elementor-element elementor-element-77971f9 e-flex e-con-boxed wpr-particle-no wpr-jarallax-no wpr-parallax-no wpr-sticky-section-no wpr-equal-height-no e-con e-parent\" data-id=\"77971f9\" data-element_type=\"container\" data-e-type=\"container\" data-settings=\"{&quot;background_background&quot;:&quot;gradient&quot;,&quot;animation&quot;:&quot;none&quot;}\">\n\t\t\t\t\t<div class=\"e-con-inner\">\n\t\t<div class=\"elementor-element elementor-element-9f8ef08 e-con-full animated-slow e-flex wpr-particle-no wpr-jarallax-no wpr-parallax-no wpr-sticky-section-no wpr-equal-height-no elementor-invisible e-con e-child\" data-id=\"9f8ef08\" data-element_type=\"container\" data-e-type=\"container\" data-settings=\"{&quot;background_background&quot;:&quot;classic&quot;,&quot;animation&quot;:&quot;fadeInDown&quot;}\">\n\t\t\t\t<div class=\"elementor-element elementor-element-7814972 elementor-widget elementor-widget-heading\" data-id=\"7814972\" data-element_type=\"widget\" data-e-type=\"widget\" data-widget_type=\"heading.default\">\n\t\t\t\t\t<h2 class=\"elementor-heading-title elementor-size-default\">Miss\u00e3o<\/h2>\t\t\t\t<\/div>\n\t\t\t\t<div class=\"elementor-element elementor-element-966f60e elementor-align-center elementor-icon-list--layout-traditional elementor-list-item-link-full_width elementor-widget elementor-widget-icon-list\" data-id=\"966f60e\" data-element_type=\"widget\" data-e-type=\"widget\" data-widget_type=\"icon-list.default\">\n\t\t\t\t\t\t\t<ul class=\"elementor-icon-list-items\">\n\t\t\t\t\t\t\t<li class=\"elementor-icon-list-item\">\n\t\t\t\t\t\t\t\t\t\t<span class=\"elementor-icon-list-text\">Prestar um servi\u00e7o com qualidade e tempestivo, embasado na legisla\u00e7\u00e3o vigente, observando os princ\u00edpios cont\u00e1beis, com foco no crescimento e desenvolvimento das Empresas, na satisfa\u00e7\u00e3o e bem estar dos colaboradores, proporcionando resultados e rentabilidade.<\/span>\n\t\t\t\t\t\t\t\t\t<\/li>\n\t\t\t\t\t\t<\/ul>\n\t\t\t\t\t\t<\/div>\n\t\t\t\t<\/div>\n\t\t\t\t\t<\/div>\n\t\t\t\t<\/div>\n\t\t<div class=\"elementor-element elementor-element-bb13618 e-flex e-con-boxed wpr-particle-no wpr-jarallax-no wpr-parallax-no wpr-sticky-section-no wpr-equal-height-no e-con e-parent\" data-id=\"bb13618\" data-element_type=\"container\" data-e-type=\"container\" data-settings=\"{&quot;background_background&quot;:&quot;gradient&quot;,&quot;animation&quot;:&quot;none&quot;}\">\n\t\t\t\t\t<div class=\"e-con-inner\">\n\t\t<div class=\"elementor-element elementor-element-02e3323 e-con-full animated-slow e-flex wpr-particle-no wpr-jarallax-no wpr-parallax-no wpr-sticky-section-no wpr-equal-height-no elementor-invisible e-con e-child\" data-id=\"02e3323\" data-element_type=\"container\" data-e-type=\"container\" data-settings=\"{&quot;background_background&quot;:&quot;classic&quot;,&quot;animation&quot;:&quot;fadeInUp&quot;}\">\n\t\t\t\t<div class=\"elementor-element elementor-element-f1502e9 elementor-widget elementor-widget-heading\" data-id=\"f1502e9\" data-element_type=\"widget\" data-e-type=\"widget\" data-widget_type=\"heading.default\">\n\t\t\t\t\t<h2 class=\"elementor-heading-title elementor-size-default\">Vis\u00e3o<\/h2>\t\t\t\t<\/div>\n\t\t\t\t<div class=\"elementor-element elementor-element-1ce989d elementor-align-center elementor-icon-list--layout-traditional elementor-list-item-link-full_width elementor-widget elementor-widget-icon-list\" data-id=\"1ce989d\" data-element_type=\"widget\" data-e-type=\"widget\" data-widget_type=\"icon-list.default\">\n\t\t\t\t\t\t\t<ul class=\"elementor-icon-list-items\">\n\t\t\t\t\t\t\t<li class=\"elementor-icon-list-item\">\n\t\t\t\t\t\t\t\t\t\t<span class=\"elementor-icon-list-text\">Trabalho em equipe; comprometimento; responsabilidade; excel\u00eancia na presta\u00e7\u00e3o de servi\u00e7os e qualifica\u00e7\u00e3o continuada.<\/span>\n\t\t\t\t\t\t\t\t\t<\/li>\n\t\t\t\t\t\t<\/ul>\n\t\t\t\t\t\t<\/div>\n\t\t\t\t<\/div>\n\t\t\t\t\t<\/div>\n\t\t\t\t<\/div>\n\t\t<div class=\"elementor-element elementor-element-55d9b9b e-flex e-con-boxed wpr-particle-no wpr-jarallax-no wpr-parallax-no wpr-sticky-section-no wpr-equal-height-no e-con e-parent\" data-id=\"55d9b9b\" data-element_type=\"container\" data-e-type=\"container\" data-settings=\"{&quot;background_background&quot;:&quot;gradient&quot;}\">\n\t\t\t\t\t<div class=\"e-con-inner\">\n\t\t<div class=\"elementor-element elementor-element-3041e4d e-con-full animated-slow e-flex wpr-particle-no wpr-jarallax-no wpr-parallax-no wpr-sticky-section-no wpr-equal-height-no elementor-invisible e-con e-child\" data-id=\"3041e4d\" data-element_type=\"container\" data-e-type=\"container\" data-settings=\"{&quot;background_background&quot;:&quot;classic&quot;,&quot;animation&quot;:&quot;fadeIn&quot;}\">\n\t\t\t\t<div class=\"elementor-element elementor-element-064c22c elementor-widget elementor-widget-heading\" data-id=\"064c22c\" data-element_type=\"widget\" data-e-type=\"widget\" data-widget_type=\"heading.default\">\n\t\t\t\t\t<h2 class=\"elementor-heading-title elementor-size-default\"><p>Valores<\/p><\/h2>\t\t\t\t<\/div>\n\t\t\t\t<div class=\"elementor-element elementor-element-66de5ca elementor-align-center elementor-icon-list--layout-traditional elementor-list-item-link-full_width elementor-widget elementor-widget-icon-list\" data-id=\"66de5ca\" data-element_type=\"widget\" data-e-type=\"widget\" data-widget_type=\"icon-list.default\">\n\t\t\t\t\t\t\t<ul class=\"elementor-icon-list-items\">\n\t\t\t\t\t\t\t<li class=\"elementor-icon-list-item\">\n\t\t\t\t\t\t\t\t\t\t<span class=\"elementor-icon-list-text\">Integridade, Honestidade, Confian\u00e7a, Gratid\u00e3o, valoriza\u00e7\u00e3o e Paix\u00e3o pelo que faz.<\/span>\n\t\t\t\t\t\t\t\t\t<\/li>\n\t\t\t\t\t\t<\/ul>\n\t\t\t\t\t\t<\/div>\n\t\t\t\t<\/div>\n\t\t\t\t\t<\/div>\n\t\t\t\t<\/div>\n\t\t\t\t<\/div>\n\t\t","protected":false},"excerpt":{"rendered":"<p>Sobre a Contabilidade Atual A Contabilidade Atual \u00e9 uma empresa de contabilidadeque tem por primor a perfei\u00e7\u00e3o, em concretizar servi\u00e7osnas \u00e1reas cont\u00e1beis, fiscal, departamento de pessoal,abertura e baixa de empresa, planejamento tribut\u00e1rio,contabilidade rural, condom\u00ednios e para igrejas. Tendo em vista a pr\u00e1tica das legisla\u00e7\u00f5es, prazos acordadose qualidade dos servi\u00e7os prestados. Miss\u00e3o Prestar um servi\u00e7o com qualidade e tempestivo, embasado na legisla\u00e7\u00e3o vigente, observando os princ\u00edpios cont\u00e1beis, com foco no crescimento e desenvolvimento das Empresas, na satisfa\u00e7\u00e3o e bem estar dos colaboradores, proporcionando resultados e rentabilidade. Vis\u00e3o Trabalho em equipe; comprometimento; responsabilidade; excel\u00eancia na presta\u00e7\u00e3o de servi\u00e7os e qualifica\u00e7\u00e3o continuada. Valores Integridade, Honestidade, Confian\u00e7a, Gratid\u00e3o, valoriza\u00e7\u00e3o e Paix\u00e3o pelo que faz.<\/p>\n","protected":false},"author":1,"featured_media":0,"parent":0,"menu_order":0,"comment_status":"closed","ping_status":"closed","template":"elementor_header_footer","meta":{"footnotes":""},"class_list":["post-71","page","type-page","status-publish","hentry"],"_links":{"self":[{"href":"https:\/\/contabilidadeatual.goiania.br\/index.php\/wp-json\/wp\/v2\/pages\/71","targetHints":{"allow":["GET"]}}],"collection":[{"href":"https:\/\/contabilidadeatual.goiania.br\/index.php\/wp-json\/wp\/v2\/pages"}],"about":[{"href":"https:\/\/contabilidadeatual.goiania.br\/index.php\/wp-json\/wp\/v2\/types\/page"}],"author":[{"embeddable":true,"href":"https:\/\/contabilidadeatual.goiania.br\/index.php\/wp-json\/wp\/v2\/users\/1"}],"replies":[{"embeddable":true,"href":"https:\/\/contabilidadeatual.goiania.br\/index.php\/wp-json\/wp\/v2\/comments?post=71"}],"version-history":[{"count":17,"href":"https:\/\/contabilidadeatual.goiania.br\/index.php\/wp-json\/wp\/v2\/pages\/71\/revisions"}],"predecessor-version":[{"id":389,"href":"https:\/\/contabilidadeatual.goiania.br\/index.php\/wp-json\/wp\/v2\/pages\/71\/revisions\/389"}],"wp:attachment":[{"href":"https:\/\/contabilidadeatual.goiania.br\/index.php\/wp-json\/wp\/v2\/media?parent=71"}],"curies":[{"name":"wp","href":"https:\/\/api.w.org\/{rel}","templated":true}]}}